{"id":931,"date":"2024-10-17T21:35:55","date_gmt":"2024-10-17T21:35:55","guid":{"rendered":"https:\/\/untrafficked.org\/?page_id=931"},"modified":"2024-10-30T16:41:47","modified_gmt":"2024-10-30T16:41:47","slug":"guardian-login","status":"publish","type":"page","link":"https:\/\/untrafficked.org\/es\/guardian-login\/","title":{"rendered":"Guardian Login"},"content":{"rendered":"<h1>Iniciar Sesi\u00f3n<\/h1>\n<p>Por favor, inicia sesi\u00f3n con tus credenciales a continuaci\u00f3n.<\/p>\n<form action=\"https:\/\/untrafficked.org\/es\/wp-json\/ws-form\/v1\/submit\" class=\"wsf-form wsf-form-canvas\" id=\"ws-form-1\" data-id=\"9\" data-instance-id=\"1\" method=\"POST\"><\/form>\n","protected":false},"excerpt":{"rendered":"<p>Iniciar Sesi\u00f3n Por favor, inicia sesi\u00f3n con tus credenciales a continuaci\u00f3n. [&#8230;]<\/p>\n<p><a class=\"btn btn-secondary understrap-read-more-link\" href=\"https:\/\/untrafficked.org\/es\/guardian-login\/\">Read More&#8230;<span class=\"screen-reader-text\"> from Guardian Login<\/span><\/a><\/p>\n","protected":false},"author":1,"featured_media":0,"parent":0,"menu_order":0,"comment_status":"closed","ping_status":"closed","template":"page-templates\/login-template.php","meta":{"_acf_changed":false,"footnotes":""},"class_list":["post-931","page","type-page","status-publish","hentry"],"acf":[],"yoast_head":"<!-- This site is optimized with the Yoast SEO plugin v27.0 - https:\/\/yoast.com\/product\/yoast-seo-wordpress\/ -->\n<title>Guardian Login - Untrafficked<\/title>\n<meta name=\"robots\" content=\"index, follow, max-snippet:-1, max-image-preview:large, max-video-preview:-1\" \/>\n<link rel=\"canonical\" href=\"https:\/\/untrafficked.org\/es\/guardian-login\/\" \/>\n<meta property=\"og:locale\" content=\"es_ES\" \/>\n<meta property=\"og:type\" content=\"article\" \/>\n<meta property=\"og:title\" content=\"Guardian Login - Untrafficked\" \/>\n<meta property=\"og:description\" content=\"Iniciar Sesi\u00f3n Por favor, inicia sesi\u00f3n con tus credenciales a continuaci\u00f3n. [...]Read More... from Guardian Login\" \/>\n<meta property=\"og:url\" content=\"https:\/\/untrafficked.org\/es\/guardian-login\/\" \/>\n<meta property=\"og:site_name\" content=\"Untrafficked\" \/>\n<meta property=\"article:publisher\" content=\"https:\/\/www.facebook.com\/untrafficked\" \/>\n<meta property=\"article:modified_time\" content=\"2024-10-30T16:41:47+00:00\" \/>\n<meta name=\"twitter:card\" content=\"summary_large_image\" \/>\n<script type=\"application\/ld+json\" class=\"yoast-schema-graph\">{\"@context\":\"https:\/\/schema.org\",\"@graph\":[{\"@type\":\"WebPage\",\"@id\":\"https:\/\/untrafficked.org\/es\/guardian-login\/\",\"url\":\"https:\/\/untrafficked.org\/es\/guardian-login\/\",\"name\":\"Guardian Login - Untrafficked\",\"isPartOf\":{\"@id\":\"https:\/\/untrafficked.org\/es\/#website\"},\"datePublished\":\"2024-10-17T21:35:55+00:00\",\"dateModified\":\"2024-10-30T16:41:47+00:00\",\"breadcrumb\":{\"@id\":\"https:\/\/untrafficked.org\/es\/guardian-login\/#breadcrumb\"},\"inLanguage\":\"es-ES\",\"potentialAction\":[{\"@type\":\"ReadAction\",\"target\":[\"https:\/\/untrafficked.org\/es\/guardian-login\/\"]}]},{\"@type\":\"BreadcrumbList\",\"@id\":\"https:\/\/untrafficked.org\/es\/guardian-login\/#breadcrumb\",\"itemListElement\":[{\"@type\":\"ListItem\",\"position\":1,\"name\":\"Home\",\"item\":\"https:\/\/untrafficked.org\/es\/homepage\/\"},{\"@type\":\"ListItem\",\"position\":2,\"name\":\"Guardian Login\"}]},{\"@type\":\"WebSite\",\"@id\":\"https:\/\/untrafficked.org\/es\/#website\",\"url\":\"https:\/\/untrafficked.org\/es\/\",\"name\":\"Untrafficked\",\"description\":\"\",\"publisher\":{\"@id\":\"https:\/\/untrafficked.org\/es\/#organization\"},\"potentialAction\":[{\"@type\":\"SearchAction\",\"target\":{\"@type\":\"EntryPoint\",\"urlTemplate\":\"https:\/\/untrafficked.org\/es\/?s={search_term_string}\"},\"query-input\":{\"@type\":\"PropertyValueSpecification\",\"valueRequired\":true,\"valueName\":\"search_term_string\"}}],\"inLanguage\":\"es-ES\"},{\"@type\":\"Organization\",\"@id\":\"https:\/\/untrafficked.org\/es\/#organization\",\"name\":\"Untrafficked\",\"url\":\"https:\/\/untrafficked.org\/es\/\",\"logo\":{\"@type\":\"ImageObject\",\"inLanguage\":\"es-ES\",\"@id\":\"https:\/\/untrafficked.org\/es\/#\/schema\/logo\/image\/\",\"url\":\"https:\/\/untrafficked.org\/wp-content\/uploads\/2024\/10\/logo.svg\",\"contentUrl\":\"https:\/\/untrafficked.org\/wp-content\/uploads\/2024\/10\/logo.svg\",\"caption\":\"Untrafficked\"},\"image\":{\"@id\":\"https:\/\/untrafficked.org\/es\/#\/schema\/logo\/image\/\"},\"sameAs\":[\"https:\/\/www.facebook.com\/untrafficked\",\"https:\/\/www.instagram.com\/untraffickamerica\/\"]}]}<\/script>\n<!-- \/ Yoast SEO plugin. -->","yoast_head_json":{"title":"Guardian Login - Untrafficked","robots":{"index":"index","follow":"follow","max-snippet":"max-snippet:-1","max-image-preview":"max-image-preview:large","max-video-preview":"max-video-preview:-1"},"canonical":"https:\/\/untrafficked.org\/es\/guardian-login\/","og_locale":"es_ES","og_type":"article","og_title":"Guardian Login - Untrafficked","og_description":"Iniciar Sesi\u00f3n Por favor, inicia sesi\u00f3n con tus credenciales a continuaci\u00f3n. [...]Read More... from Guardian Login","og_url":"https:\/\/untrafficked.org\/es\/guardian-login\/","og_site_name":"Untrafficked","article_publisher":"https:\/\/www.facebook.com\/untrafficked","article_modified_time":"2024-10-30T16:41:47+00:00","twitter_card":"summary_large_image","schema":{"@context":"https:\/\/schema.org","@graph":[{"@type":"WebPage","@id":"https:\/\/untrafficked.org\/es\/guardian-login\/","url":"https:\/\/untrafficked.org\/es\/guardian-login\/","name":"Guardian Login - Untrafficked","isPartOf":{"@id":"https:\/\/untrafficked.org\/es\/#website"},"datePublished":"2024-10-17T21:35:55+00:00","dateModified":"2024-10-30T16:41:47+00:00","breadcrumb":{"@id":"https:\/\/untrafficked.org\/es\/guardian-login\/#breadcrumb"},"inLanguage":"es-ES","potentialAction":[{"@type":"ReadAction","target":["https:\/\/untrafficked.org\/es\/guardian-login\/"]}]},{"@type":"BreadcrumbList","@id":"https:\/\/untrafficked.org\/es\/guardian-login\/#breadcrumb","itemListElement":[{"@type":"ListItem","position":1,"name":"Home","item":"https:\/\/untrafficked.org\/es\/homepage\/"},{"@type":"ListItem","position":2,"name":"Guardian Login"}]},{"@type":"WebSite","@id":"https:\/\/untrafficked.org\/es\/#website","url":"https:\/\/untrafficked.org\/es\/","name":"Untrafficked","description":"","publisher":{"@id":"https:\/\/untrafficked.org\/es\/#organization"},"potentialAction":[{"@type":"SearchAction","target":{"@type":"EntryPoint","urlTemplate":"https:\/\/untrafficked.org\/es\/?s={search_term_string}"},"query-input":{"@type":"PropertyValueSpecification","valueRequired":true,"valueName":"search_term_string"}}],"inLanguage":"es-ES"},{"@type":"Organization","@id":"https:\/\/untrafficked.org\/es\/#organization","name":"Untrafficked","url":"https:\/\/untrafficked.org\/es\/","logo":{"@type":"ImageObject","inLanguage":"es-ES","@id":"https:\/\/untrafficked.org\/es\/#\/schema\/logo\/image\/","url":"https:\/\/untrafficked.org\/wp-content\/uploads\/2024\/10\/logo.svg","contentUrl":"https:\/\/untrafficked.org\/wp-content\/uploads\/2024\/10\/logo.svg","caption":"Untrafficked"},"image":{"@id":"https:\/\/untrafficked.org\/es\/#\/schema\/logo\/image\/"},"sameAs":["https:\/\/www.facebook.com\/untrafficked","https:\/\/www.instagram.com\/untraffickamerica\/"]}]}},"_links":{"self":[{"href":"https:\/\/untrafficked.org\/es\/wp-json\/wp\/v2\/pages\/931","targetHints":{"allow":["GET"]}}],"collection":[{"href":"https:\/\/untrafficked.org\/es\/wp-json\/wp\/v2\/pages"}],"about":[{"href":"https:\/\/untrafficked.org\/es\/wp-json\/wp\/v2\/types\/page"}],"author":[{"embeddable":true,"href":"https:\/\/untrafficked.org\/es\/wp-json\/wp\/v2\/users\/1"}],"replies":[{"embeddable":true,"href":"https:\/\/untrafficked.org\/es\/wp-json\/wp\/v2\/comments?post=931"}],"version-history":[{"count":1,"href":"https:\/\/untrafficked.org\/es\/wp-json\/wp\/v2\/pages\/931\/revisions"}],"predecessor-version":[{"id":932,"href":"https:\/\/untrafficked.org\/es\/wp-json\/wp\/v2\/pages\/931\/revisions\/932"}],"wp:attachment":[{"href":"https:\/\/untrafficked.org\/es\/wp-json\/wp\/v2\/media?parent=931"}],"curies":[{"name":"wp","href":"https:\/\/api.w.org\/{rel}","templated":true}]}}