{"id":749,"date":"2024-10-14T18:48:33","date_gmt":"2024-10-14T18:48:33","guid":{"rendered":"https:\/\/untrafficked.org\/privacy-policy\/"},"modified":"2024-10-25T22:34:47","modified_gmt":"2024-10-25T22:34:47","slug":"privacy-policy","status":"publish","type":"page","link":"https:\/\/untrafficked.org\/es\/privacy-policy\/","title":{"rendered":"Pol\u00edtica de Privacidad"},"content":{"rendered":"<p class=\"p1\">Untrafficked\u00ae ha creado esta Pol\u00edtica de Privacidad para explicar por qu\u00e9 recopilamos cierta informaci\u00f3n y c\u00f3mo protegeremos su privacidad personal dentro de nuestro sitio web. Lo siguiente describe nuestras pr\u00e1cticas de recopilaci\u00f3n y difusi\u00f3n de informaci\u00f3n para el sitio web ubicado en la URL untrafficked.org.<\/p>\n<p class=\"p1\">Para comprender plenamente sus derechos, le recomendamos que lea esta Pol\u00edtica de Privacidad, as\u00ed como nuestros T\u00e9rminos de Uso. Untrafficked\u00ae se reserva el derecho de cambiar esta Pol\u00edtica de Privacidad en cualquier momento y sin previo aviso, simplemente publicando dichos cambios en nuestro sitio. Cualquier cambio de este tipo ser\u00e1 efectivo de inmediato tras su publicaci\u00f3n.<\/p>\n<p>1. Porque queremos demostrar nuestro compromiso con su privacidad, esta Pol\u00edtica de Privacidad le notifica sobre:<\/p>\n<p>2. Qu\u00e9 informaci\u00f3n de identificaci\u00f3n personal suya se recopila a trav\u00e9s del sitio;<\/p>\n<p>3. Qui\u00e9n recopila dicha informaci\u00f3n;<\/p>\n<p>4. C\u00f3mo se utiliza dicha informaci\u00f3n;<\/p>\n<p>5. Con qui\u00e9n se puede compartir su informaci\u00f3n;<\/p>\n<p>6. Qu\u00e9 opciones tiene en relaci\u00f3n con la recopilaci\u00f3n, el uso y la distribuci\u00f3n de su informaci\u00f3n;<\/p>\n<p>7. Qu\u00e9 procedimientos de seguridad est\u00e1n implementados para proteger la p\u00e9rdida, el mal uso o la alteraci\u00f3n de la informaci\u00f3n bajo nuestro control; y<\/p>\n<p>8. C\u00f3mo puede corregir cualquier inexactitud en su informaci\u00f3n.<\/p>\n<p class=\"p3\">Las preguntas sobre esta declaraci\u00f3n deben dirigirse a Untrafficked\u00ae enviando un correo electr\u00f3nico a [Ingrese Direcci\u00f3n de Correo Electr\u00f3nico Aqu\u00ed]. Por favor, mencione esta Pol\u00edtica de Privacidad en la l\u00ednea de asunto.<\/p>\n<p class=\"p5\"><b>Qu\u00e9 Informaci\u00f3n Recopilamos y C\u00f3mo Utilizamos Esa Informaci\u00f3n:<\/b><b><\/b><\/p>\n<p class=\"p1\">Nuestros formularios de registro requieren que los usuarios nos proporcionen informaci\u00f3n de contacto que puede incluir nombre, direcci\u00f3n de correo electr\u00f3nico, preferencia de formato (HTML vs. Texto), direcci\u00f3n, intereses y otra informaci\u00f3n similar. No solicitamos ni almacenamos informaci\u00f3n confidencial de nuestros visitantes, como n\u00fameros de tarjetas de cr\u00e9dito o de seguridad social.<\/p>\n<p class=\"p5\"><b>Direcci\u00f3n de Protocolo de Internet (IP):<\/b><b><\/b><\/p>\n<p class=\"p1\">Recopilamos una direcci\u00f3n IP de todos los visitantes de nuestro sitio. Una direcci\u00f3n IP es un n\u00famero que se asigna autom\u00e1ticamente a su computadora cuando utiliza Internet. Usamos direcciones IP para ayudar a diagnosticar problemas con nuestro servidor, administrar nuestro sitio, analizar tendencias, rastrear el movimiento de los usuarios, recopilar informaci\u00f3n demogr\u00e1fica general para uso agregado con el fin de mejorar el sitio y ofrecer contenido personalizado. Las direcciones IP no est\u00e1n vinculadas a informaci\u00f3n de identificaci\u00f3n personal.<\/p>\n<p class=\"p5\"><b>Uso de \u201cCookies\u201d:<\/b><b><\/b><\/p>\n<p class=\"p1\">Nuestro sitio puede usar cookies para mejorar su experiencia mientras lo utiliza. Las cookies son fragmentos de informaci\u00f3n que algunos sitios web transfieren a la computadora que navega por ese sitio web y se utilizan con fines de registro en muchos sitios web. El uso de cookies facilita la navegaci\u00f3n en la Web al realizar funciones como guardar sus contrase\u00f1as, sus preferencias personales respecto al uso del sitio web y asegurarse de que no vea el mismo anuncio repetidamente. Muchos consideran que el uso de cookies es un est\u00e1ndar de la industria.<\/p>\n<p class=\"p1\">Su navegador probablemente est\u00e1 configurado para aceptar cookies. Sin embargo, si prefiere no recibir cookies, puede cambiar la configuraci\u00f3n de su navegador para rechazarlas. Si elige rechazar las cookies, es posible que algunas \u00e1reas de nuestro sitio no funcionen correctamente cuando las vea.<\/p>\n<p class=\"p5\"><b>Seguridad:<\/b><b><\/b><\/p>\n<p class=\"p1\">Toda la informaci\u00f3n proporcionada a Untrafficked\u00ae se transmite utilizando encriptaci\u00f3n SSL (Secure Socket Layer). SSL es un sistema de codificaci\u00f3n comprobado que permite que su navegador encripte autom\u00e1ticamente los datos antes de enviarlos. Tambi\u00e9n protegemos la informaci\u00f3n de cuenta ubic\u00e1ndola en una parte segura de nuestro sitio, solo accesible por ciertos empleados calificados de Untrafficked\u00ae. Sin embargo, lamentablemente, ninguna transmisi\u00f3n de datos por Internet es 100% segura. Si bien nos esforzamos por proteger su informaci\u00f3n, no podemos garantizar la seguridad de dicha informaci\u00f3n.<\/p>\n<p class=\"p5\"><b>Guardianes:<\/b><b><\/b><\/p>\n<p class=\"p1\">Si un usuario elige unirse a nuestro Programa Guardian, Untrafficked\u00ae enviar\u00e1 autom\u00e1ticamente un correo electr\u00f3nico \u00fanico invit\u00e1ndolo a visitar el sitio. Untrafficked\u00ae almacena esta informaci\u00f3n con el \u00fanico prop\u00f3sito de contactar al usuario en relaci\u00f3n con el Programa Guardian.<\/p>\n<p class=\"p5\"><b>Referir Usuarios o Guardianes:<\/b><b><\/b><\/p>\n<p class=\"p1\">Si un usuario elige utilizar nuestro Programa Guardian para informar a un amigo sobre nuestro sitio, le pedimos el nombre y la direcci\u00f3n de correo electr\u00f3nico del amigo. Untrafficked\u00ae enviar\u00e1 autom\u00e1ticamente un correo electr\u00f3nico \u00fanico al amigo invit\u00e1ndolo a visitar el sitio. Untrafficked\u00ae almacena esta informaci\u00f3n con el \u00fanico prop\u00f3sito de enviar este correo electr\u00f3nico \u00fanico.<\/p>\n<p class=\"p5\"><b>Otros Sitios Web:<\/b><b><\/b><\/p>\n<p class=\"p1\">Nuestro sitio contiene enlaces a otros sitios web. Tenga en cuenta que cuando hace clic en uno de estos enlaces, est\u00e1 ingresando a otro sitio web sobre el cual Untrafficked\u00ae no tiene responsabilidad. Le recomendamos que lea las declaraciones de privacidad en todos esos sitios, ya que sus pol\u00edticas pueden ser diferentes a las nuestras.<\/p>\n<p class=\"p5\"><b>Contactar al Sitio Web:<\/b><b><\/b><\/p>\n<p class=\"p1\">Si tiene alguna pregunta sobre esta Pol\u00edtica de Privacidad, las pr\u00e1cticas de este sitio o sus interacciones con este sitio, puede comunicarse con Untrafficked\u00ae en: <a href=\"mailto:info@untrafficked.org\">info@untrafficked.org<\/a><\/p>\n","protected":false},"excerpt":{"rendered":"<p>Untrafficked\u00ae ha creado esta Pol\u00edtica de Privacidad para explicar por qu\u00e9 recopilamos cierta informaci\u00f3n y c\u00f3mo protegeremos su privacidad personal dentro de nuestro sitio web. Lo siguiente describe nuestras pr\u00e1cticas de recopilaci\u00f3n y difusi\u00f3n de informaci\u00f3n para el sitio web ubicado en la URL untrafficked.org. Para comprender plenamente sus derechos, le recomendamos que lea esta [&#8230;]<\/p>\n<p><a class=\"btn btn-secondary understrap-read-more-link\" href=\"https:\/\/untrafficked.org\/es\/privacy-policy\/\">Read More&#8230;<span class=\"screen-reader-text\"> from Pol\u00edtica de Privacidad<\/span><\/a><\/p>\n","protected":false},"author":1,"featured_media":0,"parent":0,"menu_order":0,"comment_status":"closed","ping_status":"closed","template":"","meta":{"_acf_changed":false,"footnotes":""},"class_list":["post-749","page","type-page","status-publish","hentry"],"acf":[],"yoast_head":"<!-- This site is optimized with the Yoast SEO plugin v27.0 - https:\/\/yoast.com\/product\/yoast-seo-wordpress\/ -->\n<title>Pol\u00edtica de Privacidad - Untrafficked<\/title>\n<meta name=\"robots\" content=\"index, follow, max-snippet:-1, max-image-preview:large, max-video-preview:-1\" \/>\n<link rel=\"canonical\" href=\"https:\/\/untrafficked.org\/es\/privacy-policy\/\" \/>\n<meta property=\"og:locale\" content=\"es_ES\" \/>\n<meta property=\"og:type\" content=\"article\" \/>\n<meta property=\"og:title\" content=\"Pol\u00edtica de Privacidad - Untrafficked\" \/>\n<meta property=\"og:description\" content=\"Untrafficked\u00ae ha creado esta Pol\u00edtica de Privacidad para explicar por qu\u00e9 recopilamos cierta informaci\u00f3n y c\u00f3mo protegeremos su privacidad personal dentro de nuestro sitio web. Lo siguiente describe nuestras pr\u00e1cticas de recopilaci\u00f3n y difusi\u00f3n de informaci\u00f3n para el sitio web ubicado en la URL untrafficked.org. Para comprender plenamente sus derechos, le recomendamos que lea esta [...]Read More... from Pol\u00edtica de Privacidad\" \/>\n<meta property=\"og:url\" content=\"https:\/\/untrafficked.org\/es\/privacy-policy\/\" \/>\n<meta property=\"og:site_name\" content=\"Untrafficked\" \/>\n<meta property=\"article:publisher\" content=\"https:\/\/www.facebook.com\/untrafficked\" \/>\n<meta property=\"article:modified_time\" content=\"2024-10-25T22:34:47+00:00\" \/>\n<meta name=\"twitter:card\" content=\"summary_large_image\" \/>\n<meta name=\"twitter:label1\" content=\"Est. reading time\" \/>\n\t<meta name=\"twitter:data1\" content=\"4 minutes\" \/>\n<script type=\"application\/ld+json\" class=\"yoast-schema-graph\">{\"@context\":\"https:\/\/schema.org\",\"@graph\":[{\"@type\":\"WebPage\",\"@id\":\"https:\/\/untrafficked.org\/es\/privacy-policy\/\",\"url\":\"https:\/\/untrafficked.org\/es\/privacy-policy\/\",\"name\":\"Pol\u00edtica de Privacidad - Untrafficked\",\"isPartOf\":{\"@id\":\"https:\/\/untrafficked.org\/es\/#website\"},\"datePublished\":\"2024-10-14T18:48:33+00:00\",\"dateModified\":\"2024-10-25T22:34:47+00:00\",\"breadcrumb\":{\"@id\":\"https:\/\/untrafficked.org\/es\/privacy-policy\/#breadcrumb\"},\"inLanguage\":\"es-ES\",\"potentialAction\":[{\"@type\":\"ReadAction\",\"target\":[\"https:\/\/untrafficked.org\/es\/privacy-policy\/\"]}]},{\"@type\":\"BreadcrumbList\",\"@id\":\"https:\/\/untrafficked.org\/es\/privacy-policy\/#breadcrumb\",\"itemListElement\":[{\"@type\":\"ListItem\",\"position\":1,\"name\":\"Home\",\"item\":\"https:\/\/untrafficked.org\/es\/homepage\/\"},{\"@type\":\"ListItem\",\"position\":2,\"name\":\"Pol\u00edtica de Privacidad\"}]},{\"@type\":\"WebSite\",\"@id\":\"https:\/\/untrafficked.org\/es\/#website\",\"url\":\"https:\/\/untrafficked.org\/es\/\",\"name\":\"Untrafficked\",\"description\":\"\",\"publisher\":{\"@id\":\"https:\/\/untrafficked.org\/es\/#organization\"},\"potentialAction\":[{\"@type\":\"SearchAction\",\"target\":{\"@type\":\"EntryPoint\",\"urlTemplate\":\"https:\/\/untrafficked.org\/es\/?s={search_term_string}\"},\"query-input\":{\"@type\":\"PropertyValueSpecification\",\"valueRequired\":true,\"valueName\":\"search_term_string\"}}],\"inLanguage\":\"es-ES\"},{\"@type\":\"Organization\",\"@id\":\"https:\/\/untrafficked.org\/es\/#organization\",\"name\":\"Untrafficked\",\"url\":\"https:\/\/untrafficked.org\/es\/\",\"logo\":{\"@type\":\"ImageObject\",\"inLanguage\":\"es-ES\",\"@id\":\"https:\/\/untrafficked.org\/es\/#\/schema\/logo\/image\/\",\"url\":\"https:\/\/untrafficked.org\/wp-content\/uploads\/2024\/10\/logo.svg\",\"contentUrl\":\"https:\/\/untrafficked.org\/wp-content\/uploads\/2024\/10\/logo.svg\",\"caption\":\"Untrafficked\"},\"image\":{\"@id\":\"https:\/\/untrafficked.org\/es\/#\/schema\/logo\/image\/\"},\"sameAs\":[\"https:\/\/www.facebook.com\/untrafficked\",\"https:\/\/www.instagram.com\/untraffickamerica\/\"]}]}<\/script>\n<!-- \/ Yoast SEO plugin. -->","yoast_head_json":{"title":"Pol\u00edtica de Privacidad - Untrafficked","robots":{"index":"index","follow":"follow","max-snippet":"max-snippet:-1","max-image-preview":"max-image-preview:large","max-video-preview":"max-video-preview:-1"},"canonical":"https:\/\/untrafficked.org\/es\/privacy-policy\/","og_locale":"es_ES","og_type":"article","og_title":"Pol\u00edtica de Privacidad - Untrafficked","og_description":"Untrafficked\u00ae ha creado esta Pol\u00edtica de Privacidad para explicar por qu\u00e9 recopilamos cierta informaci\u00f3n y c\u00f3mo protegeremos su privacidad personal dentro de nuestro sitio web. Lo siguiente describe nuestras pr\u00e1cticas de recopilaci\u00f3n y difusi\u00f3n de informaci\u00f3n para el sitio web ubicado en la URL untrafficked.org. Para comprender plenamente sus derechos, le recomendamos que lea esta [...]Read More... from Pol\u00edtica de Privacidad","og_url":"https:\/\/untrafficked.org\/es\/privacy-policy\/","og_site_name":"Untrafficked","article_publisher":"https:\/\/www.facebook.com\/untrafficked","article_modified_time":"2024-10-25T22:34:47+00:00","twitter_card":"summary_large_image","twitter_misc":{"Est. reading time":"4 minutes"},"schema":{"@context":"https:\/\/schema.org","@graph":[{"@type":"WebPage","@id":"https:\/\/untrafficked.org\/es\/privacy-policy\/","url":"https:\/\/untrafficked.org\/es\/privacy-policy\/","name":"Pol\u00edtica de Privacidad - Untrafficked","isPartOf":{"@id":"https:\/\/untrafficked.org\/es\/#website"},"datePublished":"2024-10-14T18:48:33+00:00","dateModified":"2024-10-25T22:34:47+00:00","breadcrumb":{"@id":"https:\/\/untrafficked.org\/es\/privacy-policy\/#breadcrumb"},"inLanguage":"es-ES","potentialAction":[{"@type":"ReadAction","target":["https:\/\/untrafficked.org\/es\/privacy-policy\/"]}]},{"@type":"BreadcrumbList","@id":"https:\/\/untrafficked.org\/es\/privacy-policy\/#breadcrumb","itemListElement":[{"@type":"ListItem","position":1,"name":"Home","item":"https:\/\/untrafficked.org\/es\/homepage\/"},{"@type":"ListItem","position":2,"name":"Pol\u00edtica de Privacidad"}]},{"@type":"WebSite","@id":"https:\/\/untrafficked.org\/es\/#website","url":"https:\/\/untrafficked.org\/es\/","name":"Untrafficked","description":"","publisher":{"@id":"https:\/\/untrafficked.org\/es\/#organization"},"potentialAction":[{"@type":"SearchAction","target":{"@type":"EntryPoint","urlTemplate":"https:\/\/untrafficked.org\/es\/?s={search_term_string}"},"query-input":{"@type":"PropertyValueSpecification","valueRequired":true,"valueName":"search_term_string"}}],"inLanguage":"es-ES"},{"@type":"Organization","@id":"https:\/\/untrafficked.org\/es\/#organization","name":"Untrafficked","url":"https:\/\/untrafficked.org\/es\/","logo":{"@type":"ImageObject","inLanguage":"es-ES","@id":"https:\/\/untrafficked.org\/es\/#\/schema\/logo\/image\/","url":"https:\/\/untrafficked.org\/wp-content\/uploads\/2024\/10\/logo.svg","contentUrl":"https:\/\/untrafficked.org\/wp-content\/uploads\/2024\/10\/logo.svg","caption":"Untrafficked"},"image":{"@id":"https:\/\/untrafficked.org\/es\/#\/schema\/logo\/image\/"},"sameAs":["https:\/\/www.facebook.com\/untrafficked","https:\/\/www.instagram.com\/untraffickamerica\/"]}]}},"_links":{"self":[{"href":"https:\/\/untrafficked.org\/es\/wp-json\/wp\/v2\/pages\/749","targetHints":{"allow":["GET"]}}],"collection":[{"href":"https:\/\/untrafficked.org\/es\/wp-json\/wp\/v2\/pages"}],"about":[{"href":"https:\/\/untrafficked.org\/es\/wp-json\/wp\/v2\/types\/page"}],"author":[{"embeddable":true,"href":"https:\/\/untrafficked.org\/es\/wp-json\/wp\/v2\/users\/1"}],"replies":[{"embeddable":true,"href":"https:\/\/untrafficked.org\/es\/wp-json\/wp\/v2\/comments?post=749"}],"version-history":[{"count":4,"href":"https:\/\/untrafficked.org\/es\/wp-json\/wp\/v2\/pages\/749\/revisions"}],"predecessor-version":[{"id":753,"href":"https:\/\/untrafficked.org\/es\/wp-json\/wp\/v2\/pages\/749\/revisions\/753"}],"wp:attachment":[{"href":"https:\/\/untrafficked.org\/es\/wp-json\/wp\/v2\/media?parent=749"}],"curies":[{"name":"wp","href":"https:\/\/api.w.org\/{rel}","templated":true}]}}