{"id":726,"date":"2024-10-14T18:48:22","date_gmt":"2024-10-14T18:48:22","guid":{"rendered":"https:\/\/untrafficked.org\/press\/"},"modified":"2024-11-19T19:43:58","modified_gmt":"2024-11-19T19:43:58","slug":"press","status":"publish","type":"page","link":"https:\/\/untrafficked.org\/es\/press\/","title":{"rendered":"Prensa"},"content":{"rendered":"<p class=\"p1\">Gracias por tu inter\u00e9s en ayudar a difundir conciencia sobre la causa de la trata sexual infantil.<\/p>\n<h2 class=\"p1\">Para consultas de prensa<b><\/b><\/h2>\n<p class=\"p1\">Por favor, env\u00eda un correo electr\u00f3nico a <a href=\"mailto:press@untrafficked.org\" target=\"_blank\" rel=\"noreferrer noopener\">press@untrafficked.org.<\/a><\/p>\n<h2 class=\"p1\">Kit de prensa<\/h2>\n<p><a href=\"https:\/\/hubs.ly\/Q02YNS6b0\" target=\"_blank\" rel=\"noreferrer noopener\">Descarga el kit de prensa de Untrafficked aqu\u00ed.<\/a><\/p>\n","protected":false},"excerpt":{"rendered":"<p>Gracias por tu inter\u00e9s en ayudar a difundir conciencia sobre la causa de la trata sexual infantil. Para consultas de prensa Por favor, env\u00eda un correo electr\u00f3nico a press@untrafficked.org. Kit de prensa Descarga el kit de prensa de Untrafficked aqu\u00ed. [&#8230;]<\/p>\n<p><a class=\"btn btn-secondary understrap-read-more-link\" href=\"https:\/\/untrafficked.org\/es\/press\/\">Read More&#8230;<span class=\"screen-reader-text\"> from Prensa<\/span><\/a><\/p>\n","protected":false},"author":1,"featured_media":0,"parent":0,"menu_order":0,"comment_status":"closed","ping_status":"closed","template":"","meta":{"_acf_changed":false,"footnotes":""},"class_list":["post-726","page","type-page","status-publish","hentry"],"acf":[],"yoast_head":"<!-- This site is optimized with the Yoast SEO plugin v27.0 - https:\/\/yoast.com\/product\/yoast-seo-wordpress\/ -->\n<title>Prensa - Untrafficked<\/title>\n<meta name=\"robots\" content=\"index, follow, max-snippet:-1, max-image-preview:large, max-video-preview:-1\" \/>\n<link rel=\"canonical\" href=\"https:\/\/untrafficked.org\/es\/press\/\" \/>\n<meta property=\"og:locale\" content=\"es_ES\" \/>\n<meta property=\"og:type\" content=\"article\" \/>\n<meta property=\"og:title\" content=\"Prensa - Untrafficked\" \/>\n<meta property=\"og:description\" content=\"Gracias por tu inter\u00e9s en ayudar a difundir conciencia sobre la causa de la trata sexual infantil. Para consultas de prensa Por favor, env\u00eda un correo electr\u00f3nico a press@untrafficked.org. Kit de prensa Descarga el kit de prensa de Untrafficked aqu\u00ed. [...]Read More... from Prensa\" \/>\n<meta property=\"og:url\" content=\"https:\/\/untrafficked.org\/es\/press\/\" \/>\n<meta property=\"og:site_name\" content=\"Untrafficked\" \/>\n<meta property=\"article:publisher\" content=\"https:\/\/www.facebook.com\/untrafficked\" \/>\n<meta property=\"article:modified_time\" content=\"2024-11-19T19:43:58+00:00\" \/>\n<meta name=\"twitter:card\" content=\"summary_large_image\" \/>\n<script type=\"application\/ld+json\" class=\"yoast-schema-graph\">{\"@context\":\"https:\/\/schema.org\",\"@graph\":[{\"@type\":\"WebPage\",\"@id\":\"https:\/\/untrafficked.org\/es\/press\/\",\"url\":\"https:\/\/untrafficked.org\/es\/press\/\",\"name\":\"Prensa - Untrafficked\",\"isPartOf\":{\"@id\":\"https:\/\/untrafficked.org\/es\/#website\"},\"datePublished\":\"2024-10-14T18:48:22+00:00\",\"dateModified\":\"2024-11-19T19:43:58+00:00\",\"breadcrumb\":{\"@id\":\"https:\/\/untrafficked.org\/es\/press\/#breadcrumb\"},\"inLanguage\":\"es-ES\",\"potentialAction\":[{\"@type\":\"ReadAction\",\"target\":[\"https:\/\/untrafficked.org\/es\/press\/\"]}]},{\"@type\":\"BreadcrumbList\",\"@id\":\"https:\/\/untrafficked.org\/es\/press\/#breadcrumb\",\"itemListElement\":[{\"@type\":\"ListItem\",\"position\":1,\"name\":\"Home\",\"item\":\"https:\/\/untrafficked.org\/es\/homepage\/\"},{\"@type\":\"ListItem\",\"position\":2,\"name\":\"Prensa\"}]},{\"@type\":\"WebSite\",\"@id\":\"https:\/\/untrafficked.org\/es\/#website\",\"url\":\"https:\/\/untrafficked.org\/es\/\",\"name\":\"Untrafficked\",\"description\":\"\",\"publisher\":{\"@id\":\"https:\/\/untrafficked.org\/es\/#organization\"},\"potentialAction\":[{\"@type\":\"SearchAction\",\"target\":{\"@type\":\"EntryPoint\",\"urlTemplate\":\"https:\/\/untrafficked.org\/es\/?s={search_term_string}\"},\"query-input\":{\"@type\":\"PropertyValueSpecification\",\"valueRequired\":true,\"valueName\":\"search_term_string\"}}],\"inLanguage\":\"es-ES\"},{\"@type\":\"Organization\",\"@id\":\"https:\/\/untrafficked.org\/es\/#organization\",\"name\":\"Untrafficked\",\"url\":\"https:\/\/untrafficked.org\/es\/\",\"logo\":{\"@type\":\"ImageObject\",\"inLanguage\":\"es-ES\",\"@id\":\"https:\/\/untrafficked.org\/es\/#\/schema\/logo\/image\/\",\"url\":\"https:\/\/untrafficked.org\/wp-content\/uploads\/2024\/10\/logo.svg\",\"contentUrl\":\"https:\/\/untrafficked.org\/wp-content\/uploads\/2024\/10\/logo.svg\",\"caption\":\"Untrafficked\"},\"image\":{\"@id\":\"https:\/\/untrafficked.org\/es\/#\/schema\/logo\/image\/\"},\"sameAs\":[\"https:\/\/www.facebook.com\/untrafficked\",\"https:\/\/www.instagram.com\/untraffickamerica\/\"]}]}<\/script>\n<!-- \/ Yoast SEO plugin. -->","yoast_head_json":{"title":"Prensa - Untrafficked","robots":{"index":"index","follow":"follow","max-snippet":"max-snippet:-1","max-image-preview":"max-image-preview:large","max-video-preview":"max-video-preview:-1"},"canonical":"https:\/\/untrafficked.org\/es\/press\/","og_locale":"es_ES","og_type":"article","og_title":"Prensa - Untrafficked","og_description":"Gracias por tu inter\u00e9s en ayudar a difundir conciencia sobre la causa de la trata sexual infantil. Para consultas de prensa Por favor, env\u00eda un correo electr\u00f3nico a press@untrafficked.org. Kit de prensa Descarga el kit de prensa de Untrafficked aqu\u00ed. [...]Read More... from Prensa","og_url":"https:\/\/untrafficked.org\/es\/press\/","og_site_name":"Untrafficked","article_publisher":"https:\/\/www.facebook.com\/untrafficked","article_modified_time":"2024-11-19T19:43:58+00:00","twitter_card":"summary_large_image","schema":{"@context":"https:\/\/schema.org","@graph":[{"@type":"WebPage","@id":"https:\/\/untrafficked.org\/es\/press\/","url":"https:\/\/untrafficked.org\/es\/press\/","name":"Prensa - Untrafficked","isPartOf":{"@id":"https:\/\/untrafficked.org\/es\/#website"},"datePublished":"2024-10-14T18:48:22+00:00","dateModified":"2024-11-19T19:43:58+00:00","breadcrumb":{"@id":"https:\/\/untrafficked.org\/es\/press\/#breadcrumb"},"inLanguage":"es-ES","potentialAction":[{"@type":"ReadAction","target":["https:\/\/untrafficked.org\/es\/press\/"]}]},{"@type":"BreadcrumbList","@id":"https:\/\/untrafficked.org\/es\/press\/#breadcrumb","itemListElement":[{"@type":"ListItem","position":1,"name":"Home","item":"https:\/\/untrafficked.org\/es\/homepage\/"},{"@type":"ListItem","position":2,"name":"Prensa"}]},{"@type":"WebSite","@id":"https:\/\/untrafficked.org\/es\/#website","url":"https:\/\/untrafficked.org\/es\/","name":"Untrafficked","description":"","publisher":{"@id":"https:\/\/untrafficked.org\/es\/#organization"},"potentialAction":[{"@type":"SearchAction","target":{"@type":"EntryPoint","urlTemplate":"https:\/\/untrafficked.org\/es\/?s={search_term_string}"},"query-input":{"@type":"PropertyValueSpecification","valueRequired":true,"valueName":"search_term_string"}}],"inLanguage":"es-ES"},{"@type":"Organization","@id":"https:\/\/untrafficked.org\/es\/#organization","name":"Untrafficked","url":"https:\/\/untrafficked.org\/es\/","logo":{"@type":"ImageObject","inLanguage":"es-ES","@id":"https:\/\/untrafficked.org\/es\/#\/schema\/logo\/image\/","url":"https:\/\/untrafficked.org\/wp-content\/uploads\/2024\/10\/logo.svg","contentUrl":"https:\/\/untrafficked.org\/wp-content\/uploads\/2024\/10\/logo.svg","caption":"Untrafficked"},"image":{"@id":"https:\/\/untrafficked.org\/es\/#\/schema\/logo\/image\/"},"sameAs":["https:\/\/www.facebook.com\/untrafficked","https:\/\/www.instagram.com\/untraffickamerica\/"]}]}},"_links":{"self":[{"href":"https:\/\/untrafficked.org\/es\/wp-json\/wp\/v2\/pages\/726","targetHints":{"allow":["GET"]}}],"collection":[{"href":"https:\/\/untrafficked.org\/es\/wp-json\/wp\/v2\/pages"}],"about":[{"href":"https:\/\/untrafficked.org\/es\/wp-json\/wp\/v2\/types\/page"}],"author":[{"embeddable":true,"href":"https:\/\/untrafficked.org\/es\/wp-json\/wp\/v2\/users\/1"}],"replies":[{"embeddable":true,"href":"https:\/\/untrafficked.org\/es\/wp-json\/wp\/v2\/comments?post=726"}],"version-history":[{"count":7,"href":"https:\/\/untrafficked.org\/es\/wp-json\/wp\/v2\/pages\/726\/revisions"}],"predecessor-version":[{"id":1357,"href":"https:\/\/untrafficked.org\/es\/wp-json\/wp\/v2\/pages\/726\/revisions\/1357"}],"wp:attachment":[{"href":"https:\/\/untrafficked.org\/es\/wp-json\/wp\/v2\/media?parent=726"}],"curies":[{"name":"wp","href":"https:\/\/api.w.org\/{rel}","templated":true}]}}