{"id":676,"date":"2024-10-14T18:47:56","date_gmt":"2024-10-14T18:47:56","guid":{"rendered":"https:\/\/untrafficked.org\/donor-considerations\/"},"modified":"2024-11-19T17:41:58","modified_gmt":"2024-11-19T17:41:58","slug":"donor-considerations","status":"publish","type":"page","link":"https:\/\/untrafficked.org\/es\/donor-considerations\/","title":{"rendered":"Consideraciones para Donantes"},"content":{"rendered":"<h2 class=\"p1\">Asignaci\u00f3n de Donaciones<\/h2>\n<p class=\"p1\">Los donantes clave y patrocinadores corporativos han acordado financiar las operaciones diarias de Untrafficked\u2122. Como resultado, el 100% de las donaciones recaudadas se asignan para financiar iniciativas que impactan directamente a los ni\u00f1os en riesgo o a las v\u00edctimas de la trata sexual infantil.<\/p>\n<h2 class=\"p1\">Resultados Medibles<\/h2>\n<p class=\"p1\">Algunos indicadores clave de rendimiento (KPIs) dentro de Untrafficked\u2122 est\u00e1n relacionados con m\u00e9tricas operativas que nos permiten monitorear de cerca cada una de las divisiones que servimos, incluidas pero no limitadas a: concienciaci\u00f3n, prevenci\u00f3n, defensa, capacitaci\u00f3n, rescate, transporte, atenci\u00f3n a corto y largo plazo, y apoyo posterior a la atenci\u00f3n.<\/p>\n<h2 class=\"p1\">Pol\u00edtica de Privacidad<\/h2>\n<p class=\"p1\">No venderemos, compartiremos ni intercambiaremos los nombres o la informaci\u00f3n personal de nuestros donantes con ninguna otra entidad, ni enviaremos correspondencia a nuestros donantes en nombre de otras organizaciones. Esta pol\u00edtica se aplica a toda la informaci\u00f3n recibida por Untrafficked\u2122, tanto en l\u00ednea como fuera de l\u00ednea, en cualquier plataforma (\u201cPlataforma\u201d, incluye el sitio web de Untrafficked\u2122 y el sitio web de The 11 Challenge), as\u00ed como cualquier comunicaci\u00f3n electr\u00f3nica, escrita u oral.<\/p>\n<h2 class=\"p1\">Tecnolog\u00eda Avanzada<\/h2>\n<p class=\"p1\">Untrafficked\u2122 puede prosperar como organizaci\u00f3n gracias a su comunidad de expertos en tecnolog\u00eda y plataformas. El hardware y los servicios de valor \u00f3ptimo integrados en Untrafficked\u2122 y sus afiliados proporcionan capacidades de alto nivel que no han estado disponibles para la comunidad anti-trata sexual.<\/p>\n<h2 class=\"p1\">Liderazgo Clave en su Lugar<\/h2>\n<p class=\"p1\">Untrafficked cuenta con l\u00edderes corporativos y militares clave en su Junta Directiva, Equipo de Gesti\u00f3n, consejo asesor y aquellos que sirven en nuestros programas afiliados.<\/p>\n<h2 class=\"p1\">Transparencia<\/h2>\n<p class=\"p1\">Facilitamos a los visitantes de nuestro sitio web el acceso a informaci\u00f3n sobre los documentos fiscales exentos de Untrafficked\u2122, el tama\u00f1o del presupuesto y sus fuentes de ingresos, as\u00ed como informaci\u00f3n sobre la composici\u00f3n de la junta, los programas, resultados\/impacto, personal y donaciones (protegiendo la identidad de quienes deseen permanecer en el anonimato).<\/p>\n<p>&nbsp;<\/p>\n<p><img loading=\"lazy\" decoding=\"async\" class=\"wp-image-1321 size-medium aligncenter\" src=\"https:\/\/untrafficked.org\/wp-content\/uploads\/2024\/11\/Candid-seal-Platinum-Transparency-2024-for-Price-Sculpture-Forest-3232038469-300x300.png\" alt=\"\" width=\"300\" height=\"300\" srcset=\"https:\/\/untrafficked.org\/wp-content\/uploads\/2024\/11\/Candid-seal-Platinum-Transparency-2024-for-Price-Sculpture-Forest-3232038469-300x300.png 300w, https:\/\/untrafficked.org\/wp-content\/uploads\/2024\/11\/Candid-seal-Platinum-Transparency-2024-for-Price-Sculpture-Forest-3232038469-150x150.png 150w, https:\/\/untrafficked.org\/wp-content\/uploads\/2024\/11\/Candid-seal-Platinum-Transparency-2024-for-Price-Sculpture-Forest-3232038469.png 522w\" sizes=\"auto, (max-width: 300px) 100vw, 300px\" \/><\/p>\n<h2 class=\"p1\">Comunicaci\u00f3n Precisa y Honesta<\/h2>\n<p class=\"p1\">La honestidad en las comunicaciones incluye proporcionar atribuciones para im\u00e1genes y fotograf\u00edas\/videos. Solo utilizamos im\u00e1genes de personas con su permiso previo y nunca incluimos informaci\u00f3n en im\u00e1genes de menores que pueda considerarse informaci\u00f3n personal identificable.<\/p>\n<h2 class=\"p1\">Comunicaci\u00f3n con Donantes<\/h2>\n<p class=\"p1\">Proporcionamos informes oportunos a los donantes, fundaciones y\/o fuentes de financiamiento gubernamentales, seg\u00fan corresponda. Adem\u00e1s, es una pr\u00e1ctica com\u00fan enviar reconocimientos de donaciones de manera oportuna y respetar las solicitudes especiales de los donantes con respecto a cualquier restricci\u00f3n o preferencia personal que tengan en relaci\u00f3n con la colocaci\u00f3n de sus donaciones. Cuando se solicita, destacaremos a los donantes que deseen ser reconocidos en nuestro sitio web.<\/p>\n<h2 class=\"p1\">Alianzas Clave en su Lugar<\/h2>\n<p class=\"p1\">Untrafficked\u2122 ha establecido alianzas con las principales organizaciones dom\u00e9sticas contra la trata sexual para garantizar que el rendimiento y la confiabilidad \u00f3ptimos nos respalden.<\/p>\n<h2 class=\"p1\">Comprobante de Exenci\u00f3n de Impuestos<\/h2>\n<p>&nbsp;<\/p>\n<p><img loading=\"lazy\" decoding=\"async\" class=\"aligncenter wp-image-673\" src=\"https:\/\/untrafficked.org\/wp-content\/uploads\/2024\/10\/Untrafficked_IRS_Document.webp\" alt=\"\" width=\"500\" height=\"658\" srcset=\"https:\/\/untrafficked.org\/wp-content\/uploads\/2024\/10\/Untrafficked_IRS_Document.webp 1600w, https:\/\/untrafficked.org\/wp-content\/uploads\/2024\/10\/Untrafficked_IRS_Document-228x300.webp 228w, https:\/\/untrafficked.org\/wp-content\/uploads\/2024\/10\/Untrafficked_IRS_Document-778x1024.webp 778w, https:\/\/untrafficked.org\/wp-content\/uploads\/2024\/10\/Untrafficked_IRS_Document-768x1011.webp 768w, https:\/\/untrafficked.org\/wp-content\/uploads\/2024\/10\/Untrafficked_IRS_Document-1166x1536.webp 1166w, https:\/\/untrafficked.org\/wp-content\/uploads\/2024\/10\/Untrafficked_IRS_Document-1555x2048.webp 1555w\" sizes=\"auto, (max-width: 500px) 100vw, 500px\" \/><\/p>\n","protected":false},"excerpt":{"rendered":"<p>Asignaci\u00f3n de Donaciones Los donantes clave y patrocinadores corporativos han acordado financiar las operaciones diarias de Untrafficked\u2122. Como resultado, el 100% de las donaciones recaudadas se asignan para financiar iniciativas que impactan directamente a los ni\u00f1os en riesgo o a las v\u00edctimas de la trata sexual infantil. Resultados Medibles Algunos indicadores clave de rendimiento (KPIs) [&#8230;]<\/p>\n<p><a class=\"btn btn-secondary understrap-read-more-link\" href=\"https:\/\/untrafficked.org\/es\/donor-considerations\/\">Read More&#8230;<span class=\"screen-reader-text\"> from Consideraciones para Donantes<\/span><\/a><\/p>\n","protected":false},"author":1,"featured_media":0,"parent":0,"menu_order":0,"comment_status":"closed","ping_status":"closed","template":"","meta":{"_acf_changed":false,"footnotes":""},"class_list":["post-676","page","type-page","status-publish","hentry"],"acf":[],"yoast_head":"<!-- This site is optimized with the Yoast SEO plugin v27.0 - https:\/\/yoast.com\/product\/yoast-seo-wordpress\/ -->\n<title>Consideraciones para Donantes - Untrafficked<\/title>\n<meta name=\"robots\" content=\"index, follow, max-snippet:-1, max-image-preview:large, max-video-preview:-1\" \/>\n<link rel=\"canonical\" href=\"https:\/\/untrafficked.org\/es\/donor-considerations\/\" \/>\n<meta property=\"og:locale\" content=\"es_ES\" \/>\n<meta property=\"og:type\" content=\"article\" \/>\n<meta property=\"og:title\" content=\"Consideraciones para Donantes - Untrafficked\" \/>\n<meta property=\"og:description\" content=\"Asignaci\u00f3n de Donaciones Los donantes clave y patrocinadores corporativos han acordado financiar las operaciones diarias de Untrafficked\u2122. Como resultado, el 100% de las donaciones recaudadas se asignan para financiar iniciativas que impactan directamente a los ni\u00f1os en riesgo o a las v\u00edctimas de la trata sexual infantil. Resultados Medibles Algunos indicadores clave de rendimiento (KPIs) [...]Read More... from Consideraciones para Donantes\" \/>\n<meta property=\"og:url\" content=\"https:\/\/untrafficked.org\/es\/donor-considerations\/\" \/>\n<meta property=\"og:site_name\" content=\"Untrafficked\" \/>\n<meta property=\"article:publisher\" content=\"https:\/\/www.facebook.com\/untrafficked\" \/>\n<meta property=\"article:modified_time\" content=\"2024-11-19T17:41:58+00:00\" \/>\n<meta property=\"og:image\" content=\"https:\/\/untrafficked.org\/wp-content\/uploads\/2024\/11\/Candid-seal-Platinum-Transparency-2024-for-Price-Sculpture-Forest-3232038469.png\" \/>\n\t<meta property=\"og:image:width\" content=\"522\" \/>\n\t<meta property=\"og:image:height\" content=\"522\" \/>\n\t<meta property=\"og:image:type\" content=\"image\/png\" \/>\n<meta name=\"twitter:card\" content=\"summary_large_image\" \/>\n<meta name=\"twitter:label1\" content=\"Est. reading time\" \/>\n\t<meta name=\"twitter:data1\" content=\"2 minutes\" \/>\n<script type=\"application\/ld+json\" class=\"yoast-schema-graph\">{\"@context\":\"https:\/\/schema.org\",\"@graph\":[{\"@type\":\"WebPage\",\"@id\":\"https:\/\/untrafficked.org\/es\/donor-considerations\/\",\"url\":\"https:\/\/untrafficked.org\/es\/donor-considerations\/\",\"name\":\"Consideraciones para Donantes - Untrafficked\",\"isPartOf\":{\"@id\":\"https:\/\/untrafficked.org\/es\/#website\"},\"primaryImageOfPage\":{\"@id\":\"https:\/\/untrafficked.org\/es\/donor-considerations\/#primaryimage\"},\"image\":{\"@id\":\"https:\/\/untrafficked.org\/es\/donor-considerations\/#primaryimage\"},\"thumbnailUrl\":\"https:\/\/untrafficked.org\/wp-content\/uploads\/2024\/11\/Candid-seal-Platinum-Transparency-2024-for-Price-Sculpture-Forest-3232038469-300x300.png\",\"datePublished\":\"2024-10-14T18:47:56+00:00\",\"dateModified\":\"2024-11-19T17:41:58+00:00\",\"breadcrumb\":{\"@id\":\"https:\/\/untrafficked.org\/es\/donor-considerations\/#breadcrumb\"},\"inLanguage\":\"es-ES\",\"potentialAction\":[{\"@type\":\"ReadAction\",\"target\":[\"https:\/\/untrafficked.org\/es\/donor-considerations\/\"]}]},{\"@type\":\"ImageObject\",\"inLanguage\":\"es-ES\",\"@id\":\"https:\/\/untrafficked.org\/es\/donor-considerations\/#primaryimage\",\"url\":\"https:\/\/untrafficked.org\/wp-content\/uploads\/2024\/11\/Candid-seal-Platinum-Transparency-2024-for-Price-Sculpture-Forest-3232038469-300x300.png\",\"contentUrl\":\"https:\/\/untrafficked.org\/wp-content\/uploads\/2024\/11\/Candid-seal-Platinum-Transparency-2024-for-Price-Sculpture-Forest-3232038469-300x300.png\"},{\"@type\":\"BreadcrumbList\",\"@id\":\"https:\/\/untrafficked.org\/es\/donor-considerations\/#breadcrumb\",\"itemListElement\":[{\"@type\":\"ListItem\",\"position\":1,\"name\":\"Home\",\"item\":\"https:\/\/untrafficked.org\/es\/homepage\/\"},{\"@type\":\"ListItem\",\"position\":2,\"name\":\"Consideraciones para Donantes\"}]},{\"@type\":\"WebSite\",\"@id\":\"https:\/\/untrafficked.org\/es\/#website\",\"url\":\"https:\/\/untrafficked.org\/es\/\",\"name\":\"Untrafficked\",\"description\":\"\",\"publisher\":{\"@id\":\"https:\/\/untrafficked.org\/es\/#organization\"},\"potentialAction\":[{\"@type\":\"SearchAction\",\"target\":{\"@type\":\"EntryPoint\",\"urlTemplate\":\"https:\/\/untrafficked.org\/es\/?s={search_term_string}\"},\"query-input\":{\"@type\":\"PropertyValueSpecification\",\"valueRequired\":true,\"valueName\":\"search_term_string\"}}],\"inLanguage\":\"es-ES\"},{\"@type\":\"Organization\",\"@id\":\"https:\/\/untrafficked.org\/es\/#organization\",\"name\":\"Untrafficked\",\"url\":\"https:\/\/untrafficked.org\/es\/\",\"logo\":{\"@type\":\"ImageObject\",\"inLanguage\":\"es-ES\",\"@id\":\"https:\/\/untrafficked.org\/es\/#\/schema\/logo\/image\/\",\"url\":\"https:\/\/untrafficked.org\/wp-content\/uploads\/2024\/10\/logo.svg\",\"contentUrl\":\"https:\/\/untrafficked.org\/wp-content\/uploads\/2024\/10\/logo.svg\",\"caption\":\"Untrafficked\"},\"image\":{\"@id\":\"https:\/\/untrafficked.org\/es\/#\/schema\/logo\/image\/\"},\"sameAs\":[\"https:\/\/www.facebook.com\/untrafficked\",\"https:\/\/www.instagram.com\/untraffickamerica\/\"]}]}<\/script>\n<!-- \/ Yoast SEO plugin. -->","yoast_head_json":{"title":"Consideraciones para Donantes - Untrafficked","robots":{"index":"index","follow":"follow","max-snippet":"max-snippet:-1","max-image-preview":"max-image-preview:large","max-video-preview":"max-video-preview:-1"},"canonical":"https:\/\/untrafficked.org\/es\/donor-considerations\/","og_locale":"es_ES","og_type":"article","og_title":"Consideraciones para Donantes - Untrafficked","og_description":"Asignaci\u00f3n de Donaciones Los donantes clave y patrocinadores corporativos han acordado financiar las operaciones diarias de Untrafficked\u2122. Como resultado, el 100% de las donaciones recaudadas se asignan para financiar iniciativas que impactan directamente a los ni\u00f1os en riesgo o a las v\u00edctimas de la trata sexual infantil. Resultados Medibles Algunos indicadores clave de rendimiento (KPIs) [...]Read More... from Consideraciones para Donantes","og_url":"https:\/\/untrafficked.org\/es\/donor-considerations\/","og_site_name":"Untrafficked","article_publisher":"https:\/\/www.facebook.com\/untrafficked","article_modified_time":"2024-11-19T17:41:58+00:00","og_image":[{"width":522,"height":522,"url":"https:\/\/untrafficked.org\/wp-content\/uploads\/2024\/11\/Candid-seal-Platinum-Transparency-2024-for-Price-Sculpture-Forest-3232038469.png","type":"image\/png"}],"twitter_card":"summary_large_image","twitter_misc":{"Est. reading time":"2 minutes"},"schema":{"@context":"https:\/\/schema.org","@graph":[{"@type":"WebPage","@id":"https:\/\/untrafficked.org\/es\/donor-considerations\/","url":"https:\/\/untrafficked.org\/es\/donor-considerations\/","name":"Consideraciones para Donantes - Untrafficked","isPartOf":{"@id":"https:\/\/untrafficked.org\/es\/#website"},"primaryImageOfPage":{"@id":"https:\/\/untrafficked.org\/es\/donor-considerations\/#primaryimage"},"image":{"@id":"https:\/\/untrafficked.org\/es\/donor-considerations\/#primaryimage"},"thumbnailUrl":"https:\/\/untrafficked.org\/wp-content\/uploads\/2024\/11\/Candid-seal-Platinum-Transparency-2024-for-Price-Sculpture-Forest-3232038469-300x300.png","datePublished":"2024-10-14T18:47:56+00:00","dateModified":"2024-11-19T17:41:58+00:00","breadcrumb":{"@id":"https:\/\/untrafficked.org\/es\/donor-considerations\/#breadcrumb"},"inLanguage":"es-ES","potentialAction":[{"@type":"ReadAction","target":["https:\/\/untrafficked.org\/es\/donor-considerations\/"]}]},{"@type":"ImageObject","inLanguage":"es-ES","@id":"https:\/\/untrafficked.org\/es\/donor-considerations\/#primaryimage","url":"https:\/\/untrafficked.org\/wp-content\/uploads\/2024\/11\/Candid-seal-Platinum-Transparency-2024-for-Price-Sculpture-Forest-3232038469-300x300.png","contentUrl":"https:\/\/untrafficked.org\/wp-content\/uploads\/2024\/11\/Candid-seal-Platinum-Transparency-2024-for-Price-Sculpture-Forest-3232038469-300x300.png"},{"@type":"BreadcrumbList","@id":"https:\/\/untrafficked.org\/es\/donor-considerations\/#breadcrumb","itemListElement":[{"@type":"ListItem","position":1,"name":"Home","item":"https:\/\/untrafficked.org\/es\/homepage\/"},{"@type":"ListItem","position":2,"name":"Consideraciones para Donantes"}]},{"@type":"WebSite","@id":"https:\/\/untrafficked.org\/es\/#website","url":"https:\/\/untrafficked.org\/es\/","name":"Untrafficked","description":"","publisher":{"@id":"https:\/\/untrafficked.org\/es\/#organization"},"potentialAction":[{"@type":"SearchAction","target":{"@type":"EntryPoint","urlTemplate":"https:\/\/untrafficked.org\/es\/?s={search_term_string}"},"query-input":{"@type":"PropertyValueSpecification","valueRequired":true,"valueName":"search_term_string"}}],"inLanguage":"es-ES"},{"@type":"Organization","@id":"https:\/\/untrafficked.org\/es\/#organization","name":"Untrafficked","url":"https:\/\/untrafficked.org\/es\/","logo":{"@type":"ImageObject","inLanguage":"es-ES","@id":"https:\/\/untrafficked.org\/es\/#\/schema\/logo\/image\/","url":"https:\/\/untrafficked.org\/wp-content\/uploads\/2024\/10\/logo.svg","contentUrl":"https:\/\/untrafficked.org\/wp-content\/uploads\/2024\/10\/logo.svg","caption":"Untrafficked"},"image":{"@id":"https:\/\/untrafficked.org\/es\/#\/schema\/logo\/image\/"},"sameAs":["https:\/\/www.facebook.com\/untrafficked","https:\/\/www.instagram.com\/untraffickamerica\/"]}]}},"_links":{"self":[{"href":"https:\/\/untrafficked.org\/es\/wp-json\/wp\/v2\/pages\/676","targetHints":{"allow":["GET"]}}],"collection":[{"href":"https:\/\/untrafficked.org\/es\/wp-json\/wp\/v2\/pages"}],"about":[{"href":"https:\/\/untrafficked.org\/es\/wp-json\/wp\/v2\/types\/page"}],"author":[{"embeddable":true,"href":"https:\/\/untrafficked.org\/es\/wp-json\/wp\/v2\/users\/1"}],"replies":[{"embeddable":true,"href":"https:\/\/untrafficked.org\/es\/wp-json\/wp\/v2\/comments?post=676"}],"version-history":[{"count":7,"href":"https:\/\/untrafficked.org\/es\/wp-json\/wp\/v2\/pages\/676\/revisions"}],"predecessor-version":[{"id":1355,"href":"https:\/\/untrafficked.org\/es\/wp-json\/wp\/v2\/pages\/676\/revisions\/1355"}],"wp:attachment":[{"href":"https:\/\/untrafficked.org\/es\/wp-json\/wp\/v2\/media?parent=676"}],"curies":[{"name":"wp","href":"https:\/\/api.w.org\/{rel}","templated":true}]}}