{"id":1234,"date":"2024-10-22T19:25:09","date_gmt":"2024-10-22T19:25:09","guid":{"rendered":"https:\/\/untrafficked.org\/partners\/"},"modified":"2024-11-06T21:48:27","modified_gmt":"2024-11-06T21:48:27","slug":"partners","status":"publish","type":"page","link":"https:\/\/untrafficked.org\/es\/partners\/","title":{"rendered":"Socios de Untrafficked\u00ae"},"content":{"rendered":"<h2><span class=\"TextRun MacChromeBold SCXW55216343 BCX0\" lang=\"ES-ES\" xml:lang=\"ES-ES\" data-contrast=\"auto\"><span class=\"NormalTextRun SCXW55216343 BCX0\">Empresas que Apoyan Nuestras Operaciones<\/span><\/span><span class=\"EOP SCXW55216343 BCX0\" data-ccp-props=\"{&quot;335557856&quot;:16777215}\">\u00a0<\/span><\/h2>\n<p><span class=\"TextRun SCXW132609879 BCX0\" lang=\"ES-ES\" xml:lang=\"ES-ES\" data-contrast=\"auto\"><span class=\"SpellingError SCXW132609879 BCX0\">Untrafficked<\/span><span class=\"NormalTextRun SCXW132609879 BCX0\"> trabaja con varias empresas en nuestros esfuerzos por proteger y rescatar a los ni\u00f1os en <\/span><\/span><span class=\"TrackChangeTextInsertion TrackedChange SCXW132609879 BCX0\"><span class=\"TextRun SCXW132609879 BCX0\" lang=\"ES-ES\" xml:lang=\"ES-ES\" data-contrast=\"auto\"><span class=\"NormalTextRun SCXW132609879 BCX0\">los <\/span><\/span><\/span><span class=\"TextRun SCXW132609879 BCX0\" lang=\"ES-ES\" xml:lang=\"ES-ES\" data-contrast=\"auto\"><span class=\"NormalTextRun SCXW132609879 BCX0\">Estados Unidos. Estamos profundamente agradecidos por el apoyo de nuestros socios y siempre buscamos m\u00e1s interesados en ayudar. Si deseas colaborar con <\/span><span class=\"SpellingError SCXW132609879 BCX0\">Untrafficked<\/span><span class=\"NormalTextRun SCXW132609879 BCX0\"> para apoyar nuestra misi\u00f3n de salvar a los ni\u00f1os, cont\u00e1ctanos en <a href=\"mailto:info@untrafficked.org\">info@untrafficked.org<\/a>.<\/span><\/span><span class=\"EOP SCXW132609879 BCX0\" data-ccp-props=\"{&quot;335557856&quot;:16777215}\">\u00a0<\/span><\/p>\n","protected":false},"excerpt":{"rendered":"<p>Empresas que Apoyan Nuestras Operaciones\u00a0 Untrafficked trabaja con varias empresas en nuestros esfuerzos por proteger y rescatar a los ni\u00f1os en los Estados Unidos. Estamos profundamente agradecidos por el apoyo de nuestros socios y siempre buscamos m\u00e1s interesados en ayudar. Si deseas colaborar con Untrafficked para apoyar nuestra misi\u00f3n de salvar a los ni\u00f1os, cont\u00e1ctanos [&#8230;]<\/p>\n<p><a class=\"btn btn-secondary understrap-read-more-link\" href=\"https:\/\/untrafficked.org\/es\/partners\/\">Read More&#8230;<span class=\"screen-reader-text\"> from Socios de Untrafficked\u00ae<\/span><\/a><\/p>\n","protected":false},"author":1,"featured_media":0,"parent":0,"menu_order":0,"comment_status":"closed","ping_status":"closed","template":"page-templates\/partners-template.php","meta":{"_acf_changed":false,"footnotes":""},"class_list":["post-1234","page","type-page","status-publish","hentry"],"acf":[],"yoast_head":"<!-- This site is optimized with the Yoast SEO plugin v27.0 - https:\/\/yoast.com\/product\/yoast-seo-wordpress\/ -->\n<title>Socios de Untrafficked\u00ae - Untrafficked<\/title>\n<meta name=\"robots\" content=\"index, follow, max-snippet:-1, max-image-preview:large, max-video-preview:-1\" \/>\n<link rel=\"canonical\" href=\"https:\/\/untrafficked.org\/es\/partners\/\" \/>\n<meta property=\"og:locale\" content=\"es_ES\" \/>\n<meta property=\"og:type\" content=\"article\" \/>\n<meta property=\"og:title\" content=\"Socios de Untrafficked\u00ae - Untrafficked\" \/>\n<meta property=\"og:description\" content=\"Empresas que Apoyan Nuestras Operaciones\u00a0 Untrafficked trabaja con varias empresas en nuestros esfuerzos por proteger y rescatar a los ni\u00f1os en los Estados Unidos. Estamos profundamente agradecidos por el apoyo de nuestros socios y siempre buscamos m\u00e1s interesados en ayudar. Si deseas colaborar con Untrafficked para apoyar nuestra misi\u00f3n de salvar a los ni\u00f1os, cont\u00e1ctanos [...]Read More... from Socios de Untrafficked\u00ae\" \/>\n<meta property=\"og:url\" content=\"https:\/\/untrafficked.org\/es\/partners\/\" \/>\n<meta property=\"og:site_name\" content=\"Untrafficked\" \/>\n<meta property=\"article:publisher\" content=\"https:\/\/www.facebook.com\/untrafficked\" \/>\n<meta property=\"article:modified_time\" content=\"2024-11-06T21:48:27+00:00\" \/>\n<meta name=\"twitter:card\" content=\"summary_large_image\" \/>\n<script type=\"application\/ld+json\" class=\"yoast-schema-graph\">{\"@context\":\"https:\/\/schema.org\",\"@graph\":[{\"@type\":\"WebPage\",\"@id\":\"https:\/\/untrafficked.org\/es\/partners\/\",\"url\":\"https:\/\/untrafficked.org\/es\/partners\/\",\"name\":\"Socios de Untrafficked\u00ae - Untrafficked\",\"isPartOf\":{\"@id\":\"https:\/\/untrafficked.org\/es\/#website\"},\"datePublished\":\"2024-10-22T19:25:09+00:00\",\"dateModified\":\"2024-11-06T21:48:27+00:00\",\"breadcrumb\":{\"@id\":\"https:\/\/untrafficked.org\/es\/partners\/#breadcrumb\"},\"inLanguage\":\"es-ES\",\"potentialAction\":[{\"@type\":\"ReadAction\",\"target\":[\"https:\/\/untrafficked.org\/es\/partners\/\"]}]},{\"@type\":\"BreadcrumbList\",\"@id\":\"https:\/\/untrafficked.org\/es\/partners\/#breadcrumb\",\"itemListElement\":[{\"@type\":\"ListItem\",\"position\":1,\"name\":\"Home\",\"item\":\"https:\/\/untrafficked.org\/es\/homepage\/\"},{\"@type\":\"ListItem\",\"position\":2,\"name\":\"Socios de Untrafficked\u00ae\"}]},{\"@type\":\"WebSite\",\"@id\":\"https:\/\/untrafficked.org\/es\/#website\",\"url\":\"https:\/\/untrafficked.org\/es\/\",\"name\":\"Untrafficked\",\"description\":\"\",\"publisher\":{\"@id\":\"https:\/\/untrafficked.org\/es\/#organization\"},\"potentialAction\":[{\"@type\":\"SearchAction\",\"target\":{\"@type\":\"EntryPoint\",\"urlTemplate\":\"https:\/\/untrafficked.org\/es\/?s={search_term_string}\"},\"query-input\":{\"@type\":\"PropertyValueSpecification\",\"valueRequired\":true,\"valueName\":\"search_term_string\"}}],\"inLanguage\":\"es-ES\"},{\"@type\":\"Organization\",\"@id\":\"https:\/\/untrafficked.org\/es\/#organization\",\"name\":\"Untrafficked\",\"url\":\"https:\/\/untrafficked.org\/es\/\",\"logo\":{\"@type\":\"ImageObject\",\"inLanguage\":\"es-ES\",\"@id\":\"https:\/\/untrafficked.org\/es\/#\/schema\/logo\/image\/\",\"url\":\"https:\/\/untrafficked.org\/wp-content\/uploads\/2024\/10\/logo.svg\",\"contentUrl\":\"https:\/\/untrafficked.org\/wp-content\/uploads\/2024\/10\/logo.svg\",\"caption\":\"Untrafficked\"},\"image\":{\"@id\":\"https:\/\/untrafficked.org\/es\/#\/schema\/logo\/image\/\"},\"sameAs\":[\"https:\/\/www.facebook.com\/untrafficked\",\"https:\/\/www.instagram.com\/untraffickamerica\/\"]}]}<\/script>\n<!-- \/ Yoast SEO plugin. -->","yoast_head_json":{"title":"Socios de Untrafficked\u00ae - Untrafficked","robots":{"index":"index","follow":"follow","max-snippet":"max-snippet:-1","max-image-preview":"max-image-preview:large","max-video-preview":"max-video-preview:-1"},"canonical":"https:\/\/untrafficked.org\/es\/partners\/","og_locale":"es_ES","og_type":"article","og_title":"Socios de Untrafficked\u00ae - Untrafficked","og_description":"Empresas que Apoyan Nuestras Operaciones\u00a0 Untrafficked trabaja con varias empresas en nuestros esfuerzos por proteger y rescatar a los ni\u00f1os en los Estados Unidos. Estamos profundamente agradecidos por el apoyo de nuestros socios y siempre buscamos m\u00e1s interesados en ayudar. Si deseas colaborar con Untrafficked para apoyar nuestra misi\u00f3n de salvar a los ni\u00f1os, cont\u00e1ctanos [...]Read More... from Socios de Untrafficked\u00ae","og_url":"https:\/\/untrafficked.org\/es\/partners\/","og_site_name":"Untrafficked","article_publisher":"https:\/\/www.facebook.com\/untrafficked","article_modified_time":"2024-11-06T21:48:27+00:00","twitter_card":"summary_large_image","schema":{"@context":"https:\/\/schema.org","@graph":[{"@type":"WebPage","@id":"https:\/\/untrafficked.org\/es\/partners\/","url":"https:\/\/untrafficked.org\/es\/partners\/","name":"Socios de Untrafficked\u00ae - Untrafficked","isPartOf":{"@id":"https:\/\/untrafficked.org\/es\/#website"},"datePublished":"2024-10-22T19:25:09+00:00","dateModified":"2024-11-06T21:48:27+00:00","breadcrumb":{"@id":"https:\/\/untrafficked.org\/es\/partners\/#breadcrumb"},"inLanguage":"es-ES","potentialAction":[{"@type":"ReadAction","target":["https:\/\/untrafficked.org\/es\/partners\/"]}]},{"@type":"BreadcrumbList","@id":"https:\/\/untrafficked.org\/es\/partners\/#breadcrumb","itemListElement":[{"@type":"ListItem","position":1,"name":"Home","item":"https:\/\/untrafficked.org\/es\/homepage\/"},{"@type":"ListItem","position":2,"name":"Socios de Untrafficked\u00ae"}]},{"@type":"WebSite","@id":"https:\/\/untrafficked.org\/es\/#website","url":"https:\/\/untrafficked.org\/es\/","name":"Untrafficked","description":"","publisher":{"@id":"https:\/\/untrafficked.org\/es\/#organization"},"potentialAction":[{"@type":"SearchAction","target":{"@type":"EntryPoint","urlTemplate":"https:\/\/untrafficked.org\/es\/?s={search_term_string}"},"query-input":{"@type":"PropertyValueSpecification","valueRequired":true,"valueName":"search_term_string"}}],"inLanguage":"es-ES"},{"@type":"Organization","@id":"https:\/\/untrafficked.org\/es\/#organization","name":"Untrafficked","url":"https:\/\/untrafficked.org\/es\/","logo":{"@type":"ImageObject","inLanguage":"es-ES","@id":"https:\/\/untrafficked.org\/es\/#\/schema\/logo\/image\/","url":"https:\/\/untrafficked.org\/wp-content\/uploads\/2024\/10\/logo.svg","contentUrl":"https:\/\/untrafficked.org\/wp-content\/uploads\/2024\/10\/logo.svg","caption":"Untrafficked"},"image":{"@id":"https:\/\/untrafficked.org\/es\/#\/schema\/logo\/image\/"},"sameAs":["https:\/\/www.facebook.com\/untrafficked","https:\/\/www.instagram.com\/untraffickamerica\/"]}]}},"_links":{"self":[{"href":"https:\/\/untrafficked.org\/es\/wp-json\/wp\/v2\/pages\/1234","targetHints":{"allow":["GET"]}}],"collection":[{"href":"https:\/\/untrafficked.org\/es\/wp-json\/wp\/v2\/pages"}],"about":[{"href":"https:\/\/untrafficked.org\/es\/wp-json\/wp\/v2\/types\/page"}],"author":[{"embeddable":true,"href":"https:\/\/untrafficked.org\/es\/wp-json\/wp\/v2\/users\/1"}],"replies":[{"embeddable":true,"href":"https:\/\/untrafficked.org\/es\/wp-json\/wp\/v2\/comments?post=1234"}],"version-history":[{"count":2,"href":"https:\/\/untrafficked.org\/es\/wp-json\/wp\/v2\/pages\/1234\/revisions"}],"predecessor-version":[{"id":1236,"href":"https:\/\/untrafficked.org\/es\/wp-json\/wp\/v2\/pages\/1234\/revisions\/1236"}],"wp:attachment":[{"href":"https:\/\/untrafficked.org\/es\/wp-json\/wp\/v2\/media?parent=1234"}],"curies":[{"name":"wp","href":"https:\/\/api.w.org\/{rel}","templated":true}]}}